{"id":5895,"date":"2021-10-20T21:33:46","date_gmt":"2021-10-20T19:33:46","guid":{"rendered":"https:\/\/shop.bohemmanu.com\/termek\/p33\/"},"modified":"2023-11-29T02:40:34","modified_gmt":"2023-11-29T01:40:34","slug":"p33","status":"publish","type":"product","link":"https:\/\/shop.bohemmanu.com\/en\/product\/p33\/","title":{"rendered":"P33"},"content":{"rendered":"","protected":false},"excerpt":{"rendered":"<p>A k\u00e9pek, poszterek pr\u00e9mium min\u0151s\u00e9g\u0171 pap\u00edrra nyomva k\u00e9sz\u00fclnek.<br \/>\nPosztereink \u00e1ra a keretet nem tartalmazza.<\/p>\n<p>Egyedi k\u00e9r\u00e9seket is szivesen fogadok, b\u00e1rmilyen t\u00e9m\u00e1ban alkothatunk sz\u00e1modra valami \u00fajat, amivel nem tal\u00e1lkozol m\u00e1snak a falain, amib\u0151l nem lesz t\u00f6bb.<\/p>\n","protected":false},"featured_media":4607,"template":"","meta":[],"product_cat":[240,263],"product_tag":[],"gyarto":[],"acf":[],"_links":{"self":[{"href":"https:\/\/shop.bohemmanu.com\/en\/wp-json\/wp\/v2\/product\/5895"}],"collection":[{"href":"https:\/\/shop.bohemmanu.com\/en\/wp-json\/wp\/v2\/product"}],"about":[{"href":"https:\/\/shop.bohemmanu.com\/en\/wp-json\/wp\/v2\/types\/product"}],"wp:featuredmedia":[{"embeddable":true,"href":"https:\/\/shop.bohemmanu.com\/en\/wp-json\/wp\/v2\/media\/4607"}],"wp:attachment":[{"href":"https:\/\/shop.bohemmanu.com\/en\/wp-json\/wp\/v2\/media?parent=5895"}],"wp:term":[{"taxonomy":"product_cat","embeddable":true,"href":"https:\/\/shop.bohemmanu.com\/en\/wp-json\/wp\/v2\/product_cat?post=5895"},{"taxonomy":"product_tag","embeddable":true,"href":"https:\/\/shop.bohemmanu.com\/en\/wp-json\/wp\/v2\/product_tag?post=5895"},{"taxonomy":"gyarto","embeddable":true,"href":"https:\/\/shop.bohemmanu.com\/en\/wp-json\/wp\/v2\/gyarto?post=5895"}],"curies":[{"name":"wp","href":"https:\/\/api.w.org\/{rel}","templated":true}]}}