{"id":6106,"date":"2021-10-14T22:57:26","date_gmt":"2021-10-14T20:57:26","guid":{"rendered":"https:\/\/shop.bohemmanu.com\/termek\/lamp_21gio34\/"},"modified":"2023-11-29T01:07:16","modified_gmt":"2023-11-29T00:07:16","slug":"lamp_21gio34","status":"publish","type":"product","link":"https:\/\/shop.bohemmanu.com\/en\/product\/lamp_21gio34\/","title":{"rendered":"Lamp_21GIO34"},"content":{"rendered":"<p><em>Prices are without light source!<\/em><br \/>\n<em>The lamps are supplied with 2 m of textile cable, of course extra meters can be ordered on request. You can adapt to the location and conditions. OR fitted with plug and switch.<\/em><br \/>\n<em>You have to write that how many cm from the socket, and you can choose black\/white switch)<\/em><br \/>\n<em>The lamps work with a light source with E27 socket. I will be happy to supply the lamp you have<\/em><br \/>\n<em>you choose, you will find the recommended shapes in the light source menu and products! I can add these to your order at an extra cost.<\/em><\/p>\n<p><em>Good idea:<\/em><br \/>\n<em>If you choose a long cable, because you want to transport the lamp from one place to another, you might want to use a wall.<\/em><br \/>\n<em>If you want to use a lamp with a long light, you should choose wall guides, clamps or ceiling roses in the accessories section.<\/em><br \/>\n<em>You can also find accessories for a wooden ceiling rose.<\/em><\/p>\n","protected":false},"excerpt":{"rendered":"<p>colours: celery+beech wood+blackberry<br \/>\nforms:<br \/>\nROZI+ELEK2+\u00d3ri\u00e1s HUBA+ELEK1<br \/>\nPIRI+BUDA+\u00d3ri\u00e1s INEZ<br \/>\nMARA+\u00d3RI\u00c1S ELEK1+\u00d3ri\u00e1s ELEK2+ZITA<\/p>\n","protected":false},"featured_media":3711,"template":"","meta":[],"product_cat":[236],"product_tag":[],"gyarto":[],"acf":[],"_links":{"self":[{"href":"https:\/\/shop.bohemmanu.com\/en\/wp-json\/wp\/v2\/product\/6106"}],"collection":[{"href":"https:\/\/shop.bohemmanu.com\/en\/wp-json\/wp\/v2\/product"}],"about":[{"href":"https:\/\/shop.bohemmanu.com\/en\/wp-json\/wp\/v2\/types\/product"}],"wp:featuredmedia":[{"embeddable":true,"href":"https:\/\/shop.bohemmanu.com\/en\/wp-json\/wp\/v2\/media\/3711"}],"wp:attachment":[{"href":"https:\/\/shop.bohemmanu.com\/en\/wp-json\/wp\/v2\/media?parent=6106"}],"wp:term":[{"taxonomy":"product_cat","embeddable":true,"href":"https:\/\/shop.bohemmanu.com\/en\/wp-json\/wp\/v2\/product_cat?post=6106"},{"taxonomy":"product_tag","embeddable":true,"href":"https:\/\/shop.bohemmanu.com\/en\/wp-json\/wp\/v2\/product_tag?post=6106"},{"taxonomy":"gyarto","embeddable":true,"href":"https:\/\/shop.bohemmanu.com\/en\/wp-json\/wp\/v2\/gyarto?post=6106"}],"curies":[{"name":"wp","href":"https:\/\/api.w.org\/{rel}","templated":true}]}}